{"id":300,"date":"2025-08-18T17:08:28","date_gmt":"2025-08-18T17:08:28","guid":{"rendered":"https:\/\/nakaminsky.com\/?page_id=300"},"modified":"2025-09-29T15:43:53","modified_gmt":"2025-09-29T15:43:53","slug":"inscription","status":"publish","type":"page","link":"https:\/\/nakaminsky.com\/index.php\/inscription\/","title":{"rendered":"Inscription"},"content":{"rendered":"\t\t<div data-elementor-type=\"wp-page\" data-elementor-id=\"300\" class=\"elementor elementor-300\">\n\t\t\t\t\t\t<div class=\"elementor-section elementor-top-section elementor-element elementor-element-504bb794 elementor-section-boxed elementor-section-height-default elementor-section-height-default\" data-id=\"504bb794\" data-element_type=\"section\" id=\"services\">\n\t\t\t\t\t\t<div class=\"elementor-container elementor-column-gap-default\">\n\t\t\t\t\t<div class=\"elementor-column elementor-col-100 elementor-top-column elementor-element elementor-element-7fef292c\" data-id=\"7fef292c\" data-element_type=\"column\">\n\t\t\t<div class=\"elementor-widget-wrap elementor-element-populated\">\n\t\t\t\t\t\t<div class=\"elementor-section elementor-inner-section elementor-element elementor-element-3d177ebb elementor-section-boxed elementor-section-height-default elementor-section-height-default\" data-id=\"3d177ebb\" data-element_type=\"section\">\n\t\t\t\t\t\t<div class=\"elementor-container elementor-column-gap-default\">\n\t\t\t\t\t<div class=\"elementor-column elementor-col-50 elementor-inner-column elementor-element elementor-element-5635d6aa animated-slow elementor-invisible\" data-id=\"5635d6aa\" data-element_type=\"column\" data-settings=\"{&quot;animation&quot;:&quot;fadeIn&quot;,&quot;animation_delay&quot;:200}\">\n\t\t\t<div class=\"elementor-widget-wrap elementor-element-populated\">\n\t\t\t\t\t\t<div class=\"elementor-element elementor-element-618cb14a elementor-widget elementor-widget-heading\" data-id=\"618cb14a\" data-element_type=\"widget\" data-widget_type=\"heading.default\">\n\t\t\t\t\t<h5 class=\"elementor-heading-title elementor-size-default\">NOUS REJOINDRE<\/h5>\t\t\t\t<\/div>\n\t\t\t\t<div class=\"elementor-element elementor-element-54b3f9e5 elementor-widget elementor-widget-heading\" data-id=\"54b3f9e5\" data-element_type=\"widget\" data-widget_type=\"heading.default\">\n\t\t\t\t\t<h2 class=\"elementor-heading-title elementor-size-default\">Nakaminsky Trading<\/h2>\t\t\t\t<\/div>\n\t\t\t\t<div class=\"elementor-element elementor-element-789ae999 elementor-widget elementor-widget-text-editor\" data-id=\"789ae999\" data-element_type=\"widget\" data-widget_type=\"text-editor.default\">\n\t\t\t\t\t\t\t\t\t<p>\u25aa\ufe0f <span style=\"color: #ffffff;\">Acc\u00e8s<\/span> \u00e0 notre groupe priv\u00e9 (<span style=\"color: #49c4a8;\">signaux<\/span>, <span style=\"color: #49c4a8;\">analyses<\/span>, live, contenu formation)<br \/>\u25aa\ufe0f <span style=\"color: #ffffff;\">Accompagnement<\/span> et support <br \/>\u25aa\ufe0f <span style=\"color: #ffffff;\">Acc\u00e8s<\/span> aux insights de notre outil<span style=\"color: #49c4a8;\"> Nakaminsky AI<\/span><br \/>\u25aa\ufe0f <span style=\"color: #ffffff;\">Formation<\/span> en <span style=\"color: #49c4a8;\">visio individuelle<\/span> pour les d\u00e9butants<\/p>\t\t\t\t\t\t\t\t<\/div>\n\t\t\t\t\t<\/div>\n\t\t<\/div>\n\t\t\t\t<div class=\"elementor-column elementor-col-50 elementor-inner-column elementor-element elementor-element-7f0dab83\" data-id=\"7f0dab83\" data-element_type=\"column\">\n\t\t\t<div class=\"elementor-widget-wrap elementor-element-populated\">\n\t\t\t\t\t\t<div class=\"elementor-element elementor-element-0a0d493 elementor-widget elementor-widget-html\" data-id=\"0a0d493\" data-element_type=\"widget\" data-widget_type=\"html.default\">\n\t\t\t\t\t\r\n  <style>\r\n    body {\r\n      font-family: Arial, sans-serif;\r\n     \r\n    }\r\n    form {\r\n      max-width: 400px;\r\n      padding: 20px;\r\n      border: 1px solid #ccc;\r\n      border-radius: 10px;\r\n      background: #f9f9f9;\r\n    }\r\n    label {\r\n      display: block;\r\n      margin-top: 10px;\r\n    }\r\n    input {\r\n      width: 100%;\r\n      padding: 8px;\r\n      margin-top: 5px;\r\n      box-sizing: border-box;\r\n    }\r\n    button {\r\n      margin-top: 15px;\r\n      padding: 10px;\r\n      width: 100%;\r\n      background: #2c7be5;\r\n      color: #fff;\r\n      border: none;\r\n      border-radius: 5px;\r\n      cursor: pointer;\r\n    }\r\n    button:hover {\r\n      background: #1a5bb8;\r\n    }\r\n  <\/style>\r\n\r\n  <form action=\"https:\/\/nakaminsky.com\/send.php\" method=\"post\">\r\n    <label for=\"prenom\">Pr\u00e9nom :<\/label>\r\n    <input type=\"text\" style=\"color: black;\" id=\"prenom\" name=\"prenom\" required>\r\n\r\n    <label for=\"email\">Adresse email :<\/label>\r\n    <input style=\"color: black;\" type=\"email\" id=\"email\" name=\"email\" required>\r\n\r\n    <div id=\"tel-container\" style=\"display: none;\">\r\n      <label for=\"telephone\">T\u00e9l\u00e9phone :<\/label>\r\n      <input style=\"color: black;\" type=\"tel\" id=\"telephone\" name=\"telephone\" pattern=\"[0-9+ ]+\" placeholder=\"+33\" required>\r\n      <label for=\"pseudo\">Pseudo :<\/label>\r\n    <input type=\"text\" style=\"color: black;\" id=\"pseudo\" name=\"pseudo\" required>\r\n\r\n    <\/div>\r\n\r\n    <button type=\"submit\">OBTENIR L'ACCES<\/button>\r\n  <\/form>\r\n\r\n  <script>\r\n    const emailInput = document.getElementById(\"email\");\r\n    const telContainer = document.getElementById(\"tel-container\");\r\n\r\n    emailInput.addEventListener(\"input\", () => {\r\n      if (emailInput.value.trim() !== \"\") {\r\n        telContainer.style.display = \"block\";\r\n      } else {\r\n        telContainer.style.display = \"none\";\r\n      }\r\n    });\r\n  <\/script>\r\n\r\n\t\t\t\t<\/div>\n\t\t\t\t\t<\/div>\n\t\t<\/div>\n\t\t\t\t\t<\/div>\n\t\t<\/div>\n\t\t\t\t\t<\/div>\n\t\t<\/div>\n\t\t\t\t\t<\/div>\n\t\t<\/div>\n\t\t\t\t<\/div>\n\t\t","protected":false},"excerpt":{"rendered":"<p>NOUS REJOINDRE Nakaminsky Trading \u25aa\ufe0f Acc\u00e8s \u00e0 notre groupe priv\u00e9 (signaux, analyses, live, contenu formation)\u25aa\ufe0f Accompagnement et support \u25aa\ufe0f Acc\u00e8s aux insights [&hellip;]<\/p>\n","protected":false},"author":1,"featured_media":0,"parent":0,"menu_order":0,"comment_status":"closed","ping_status":"closed","template":"","meta":{"footnotes":""},"class_list":["post-300","page","type-page","status-publish","hentry"],"_links":{"self":[{"href":"https:\/\/nakaminsky.com\/index.php\/wp-json\/wp\/v2\/pages\/300","targetHints":{"allow":["GET"]}}],"collection":[{"href":"https:\/\/nakaminsky.com\/index.php\/wp-json\/wp\/v2\/pages"}],"about":[{"href":"https:\/\/nakaminsky.com\/index.php\/wp-json\/wp\/v2\/types\/page"}],"author":[{"embeddable":true,"href":"https:\/\/nakaminsky.com\/index.php\/wp-json\/wp\/v2\/users\/1"}],"replies":[{"embeddable":true,"href":"https:\/\/nakaminsky.com\/index.php\/wp-json\/wp\/v2\/comments?post=300"}],"version-history":[{"count":112,"href":"https:\/\/nakaminsky.com\/index.php\/wp-json\/wp\/v2\/pages\/300\/revisions"}],"predecessor-version":[{"id":657,"href":"https:\/\/nakaminsky.com\/index.php\/wp-json\/wp\/v2\/pages\/300\/revisions\/657"}],"wp:attachment":[{"href":"https:\/\/nakaminsky.com\/index.php\/wp-json\/wp\/v2\/media?parent=300"}],"curies":[{"name":"wp","href":"https:\/\/api.w.org\/{rel}","templated":true}]}}